{"id":423,"date":"2020-06-13T12:25:34","date_gmt":"2020-06-13T10:25:34","guid":{"rendered":"http:\/\/localhost\/geosys\/home\/"},"modified":"2021-11-16T16:38:59","modified_gmt":"2021-11-16T15:38:59","slug":"home","status":"publish","type":"page","link":"https:\/\/geosys-swiss.com\/ru\/","title":{"rendered":"Home"},"content":{"rendered":"<h1><strong>Geo Sys Geoger\u00e4te Swiss GmbH.<\/h1>\n<p>Geo Sys Geoger\u00e4te Swiss GmbH, \u0444\u0438\u0440\u043c\u0430 \u043e\u0441\u043d\u043e\u0432\u0430\u043d\u043d\u0430\u044f \u0432 \u0428\u0432\u0435\u0439\u0446\u0430\u0440\u0438\u0438, \u0441\u043f\u0435\u0446\u0438\u0430\u043b\u0438\u0437\u0438\u0440\u0443\u0435\u0442\u0441\u044f \u043d\u0430 \u0433\u0435\u043e\u0444\u0438\u0437\u0438\u0447\u0435\u0441\u043a\u0438\u0445 \u0438\u0437\u043c\u0435\u0440\u0438\u0442\u0435\u043b\u044c\u043d\u044b\u0445 \u043f\u0440\u0438\u0431\u043e\u0440\u0430\u0445 \u0438 \u0438\u0437\u043c\u0435\u0440\u0438\u0442\u0435\u043b\u044c\u043d\u044b\u0445 \u043f\u0440\u0438\u0431\u043e\u0440\u0430\u0445. \u041f\u0440\u0438 \u0440\u0430\u0437\u0440\u0430\u0431\u043e\u0442\u043a\u0435 \u043a\u0430\u0440\u043e\u0442\u0430\u0436\u043d\u044b\u0445 \u043f\u043e\u0434\u044a\u0451\u043c\u043d\u0438\u043a\u043e\u0432, \u0437\u043e\u043d\u0434\u043e\u0432, \u043b\u0443\u0431\u0440\u0438\u043a\u0430\u0442\u043e\u0440\u043e\u0432, \u0441\u043b\u0438\u043a\u043b\u0430\u0439\u043d\u043e\u0432 \u043f\u0440\u0435\u0436\u0434\u0435 \u0432\u0441\u0435\u0433\u043e \u0443\u0447\u0438\u0442\u044b\u0432\u0430\u044e\u0442\u0441\u044f \u0441\u043f\u0435\u0446\u0438\u0444\u0438\u0447\u0435\u0441\u043a\u0438\u0435 \u0442\u0440\u0435\u0431\u043e\u0432\u0430\u043d\u0438\u044f \u0437\u0430\u043a\u0430\u0437\u0447\u0438\u043a\u0430.<\/p>\n<p>Geo Sys Swiss GmbH \u0442\u0430\u043a\u0436\u0435 \u044f\u0432\u043b\u044f\u0435\u0442\u0441\u044f \u043f\u0430\u0440\u0442\u043d\u0435\u0440\u043e\u043c \u043f\u043e \u0441\u043e\u0442\u0440\u0443\u0434\u043d\u0438\u0447\u0435\u0441\u0442\u0432\u0443 Geo Sys Umwelttechnik \u0438 Geoger\u00e4te GmbH Leipzig. \u0421 \u043d\u0435\u043c\u0435\u0446\u043a\u0438\u043c \u043d\u043e\u0443-\u0445\u0430\u0443 \u0438 \u043d\u043e\u0432\u043e\u0439 \u0448\u0432\u0435\u0439\u0446\u0430\u0440\u0441\u043a\u043e\u0439 \u043c\u0435\u0442\u043e\u0434\u0438\u043a\u043e\u0439 \u0432 \u043e\u0431\u043b\u0430\u0441\u0442\u0438 \u0434\u043e\u0431\u044b\u0447\u0438 \u043e\u0431\u043d\u043e\u0432\u043b\u044f\u0435\u043c\u044b\u0445 \u0442\u0435\u0445\u043d\u043e\u043b\u043e\u0433\u0438\u0439 \u0438 \u044d\u043d\u0435\u0440\u0433\u0438\u0438 \u043c\u044b \u0445\u043e\u0442\u0438\u043c \u0432\u043c\u0435\u0441\u0442\u0435 \u0440\u0430\u0441\u0448\u0438\u0440\u0438\u0442\u044c \u0440\u044b\u043d\u043e\u043a.<\/p>\n<p>Geo Sys Swiss GmbH \u0441\u0442\u0440\u0435\u043c\u0438\u0442\u0441\u044f \u043a \u0432\u044b\u0441\u043e\u043a\u043e\u043a\u0430\u0447\u0435\u0441\u0442\u0432\u0435\u043d\u043d\u043e\u0439 \u043f\u0440\u043e\u0434\u0443\u043a\u0446\u0438\u0438, \u0438\u043d\u043d\u043e\u0432\u0430\u0446\u0438\u043e\u043d\u043d\u044b\u043c \u0438\u0434\u0435\u044f\u043c \u0438 \u043f\u0440\u043e\u0444\u0435\u0441\u0441\u0438\u043e\u043d\u0430\u043b\u044c\u043d\u044b\u043c \u0440\u0435\u0448\u0435\u043d\u0438\u044f\u043c.<\/p>\n\n<div class=\"grid-100\">\n    <h2 class=\"custom-h2\">\u041e\u0441\u043d\u043e\u0432\u043d\u0430\u044f \u041f\u0440\u043e\u0434\u0443\u043a\u0446\u0438\u044f \u043a\u043e\u043c\u043f\u0430\u043d\u0438\u0438 Geo Sys GmbH<\/h2>\n<p style=\"color:#333333;\">\u041d\u0430\u0438\u0431\u043e\u043b\u0435\u0435 \u043e\u0441\u043d\u043e\u0432\u043d\u044b\u043c\u0438 \u0441\u0444\u0435\u0440\u0430\u043c\u0438 \u0413\u0435\u043e \u0421\u0438\u0441 \u0413\u043c\u0431\u0425 \u043d\u0430 \u0441\u0435\u0433\u043e\u0434\u043d\u044f\u0448\u043d\u0438\u0439 \u0434\u0435\u043d\u044c \u044f\u0432\u043b\u044f\u044e\u0442\u0441\u044f:<\/p>\n<\/div>\n<div class=\"grid-33 tablet-grid-50 mobile-grid-100 first-column\">\n    <div class=\"feature-box\"><i class=\"fa fa-truck\"><\/i><h3>\u0418\u0437\u043c\u0435\u0440\u0438\u0442\u0435\u043b\u044c\u043d\u044b\u0435 \u0438 \u043a\u0430\u0440\u043e\u0442\u0430\u0436\u043d\u044b\u0435 \u043f\u043e\u0434\u044a\u0451\u043c\u043d\u0438\u043a\u0438<\/h3><\/div>\n<\/div>\n<div class=\"grid-33 tablet-grid-50 mobile-grid-100 second-column\">\n    <div class=\"feature-box\"><i class=\"fa fa-hard-hat\"><\/i><h3>\u0418\u0437\u043c\u0435\u0440\u0438\u0442\u0435\u043b\u044c\u043d\u043e\u0435 \u043e\u0431\u043e\u0440\u0443\u0434\u043e\u0432\u0430\u043d\u0438\u0435 \u0434\u043b\u044f \u0441\u043a\u0432\u0430\u0436\u0438\u043d<\/h3><\/div>\n<\/div>\n<div class=\"grid-33 tablet-grid-50 mobile-grid-100 third-column\">\n    <div class=\"feature-box\"><i class=\"fa fa-pencil-ruler\"><\/i><h3>\u0433\u0435\u043e\u044d\u043b\u0435\u043a\u0442\u0440\u0438\u0447\u0435\u0441\u043a\u043e\u0435 \u0438\u0437\u043c\u0435\u0440\u0438\u0442\u0435\u043b\u044c\u043d\u043e\u0435 \u043e\u0431\u043e\u0440\u0443\u0434\u043e\u0432\u0430\u043d\u0438\u0435 \u0438 \u0430\u043a\u0441\u0435\u0441\u0441\u0443\u0430\u0440\u044b<\/h3><\/div>\n<\/div>\n\n<div class=\"grid-100 tablet-grid-100 mobile-grid-100\">\n<h2 class=\"custom-h2\">\u041a\u0410\u0420\u041e\u0422\u0410\u0416\u041d\u042b\u0419 \u041f\u041e\u0414\u042a\u0401\u041c\u041d\u0418\u041a<\/h2>\n<\/div>\n<div class=\"grid-50 tablet-grid-50 mobile-grid-100 first-column\">\n    <p class=\"box-desc\">\u0424\u0438\u0440\u043c\u043e\u0439 Geo Sys \u0438\u0437\u0433\u043e\u0442\u0430\u0432\u043b\u0438\u0432\u0430\u0435\u0442\u0441\u044f \u0440\u044f\u0434 \u043a\u0430\u0440\u043e\u0442\u0430\u0436\u043d\u044b\u0445 \u043f\u043e\u0434\u044a\u0451\u043c\u043d\u0438\u043a\u043e\u0432: \u043e\u0442 \u043d\u0435\u0431\u043e\u043b\u044c\u0448\u0438\u0445 \u0443\u0441\u0442\u0430\u043d\u043e\u0432\u043e\u043a \u0434\u043e \u0432\u044b\u0441\u043e\u043a\u043e-\u043f\u0440\u043e\u0438\u0437\u0432\u043e\u0434\u0438\u0442\u0435\u043b\u044c\u043d\u044b\u0445 \u043f\u043e\u0434\u044a\u0451\u043c\u043d\u0438\u043a\u043e\u0432 (\u043c\u043e\u0449\u043d\u043e\u0441\u0442\u044c 11t\/ 24000 lb). \u0423\u0441\u0442\u0430\u043d\u043e\u0432\u043a\u0438 \u043f\u0440\u0438\u043c\u0435\u043d\u044f\u044e\u0442\u0441\u044f \u043a\u0430\u043a \u0432 \u0430\u0440\u043a\u0442\u0438\u0447\u0435\u0441\u043a\u0438\u0445 \u043e\u0431\u043b\u0430\u0441\u0442\u044f\u0445 \u0421\u0438\u0431\u0438\u0440\u0438, \u0442\u0430\u043a \u0438 \u0432 \u043f\u0443\u0441\u0442\u044b\u043d\u044f\u0445 \u0430\u0440\u0430\u0431\u0441\u043a\u0438\u0445 \u0441\u0442\u0440\u0430\u043d. \u041a\u0430\u0440\u043e\u0442\u0430\u0436\u043d\u044b\u0439 \u043f\u043e\u0434\u044a\u0451\u043c\u043d\u0438\u043a Geo Sys \u0441\u043e\u0441\u0442\u043e\u0438\u0442 \u0438\u0437 \u0448\u0430\u0441\u0441\u0438, \u0432\u044b\u0431\u0438\u0440\u0430\u0435\u043c\u043e\u0433\u043e \u0437\u0430\u043a\u0430\u0437\u0447\u0438\u043a\u043e\u043c, \u0438 \u043a\u0443\u043d\u0433\u0430, \u0438\u0437\u0433\u043e\u0442\u043e\u0432\u043b\u0435\u043d\u043d\u043e\u0433\u043e \u043f\u043e \u0441\u043f\u0435\u0446\u0438\u0444\u0438\u043a\u0430\u0446\u0438\u0438 \u043f\u043e\u043a\u0443\u043f\u0430\u0442\u0435\u043b\u044f.<\/p>\n    <p class=\"box-desc\">\u0423\u0441\u0442\u0430\u043d\u043e\u0432\u043a\u0438 \u043f\u0440\u0438\u043c\u0435\u043d\u044f\u044e\u0442\u0441\u044f \u0434\u043b\u044f \u0433\u0435\u043e\u0444\u0438\u0437\u0438\u0447\u0435\u0441\u043a\u0438\u0445 \u0438\u0441\u0441\u043b\u0435\u0434\u043e\u0432\u0430\u043d\u0438\u0439 \u0438 \u0438\u0437\u043c\u0435\u0440\u0435\u043d\u0438\u0439 \u043d\u0430 \u043d\u0435\u0444\u0442\u044f\u043d\u044b\u0445 \u0438 \u0433\u0430\u0437\u043e\u0432\u044b\u0445 \u043c\u0435\u0441\u0442\u043e\u0440\u043e\u0436\u0434\u0435\u043d\u0438\u044f\u0445. \u0417\u0430\u0441\u0447\u0451\u0442 \u0443\u0441\u0442\u0430\u043d\u043e-\u043b\u0435\u043d\u043d\u044b\u0445 \u043a\u043e\u043d\u0434\u0438\u0446\u0438\u043e\u043d\u0435\u0440\u043d\u044b\u0445 \u0438 \u043e\u0442\u043e\u043f\u0438\u0442\u0435\u043b\u044c-\u043d\u044b\u0445 \u0441\u0438\u0441\u0442\u0435\u043c \u0432\u043e\u0437\u043c\u043e\u0436\u043d\u0430 \u0440\u0430\u0431\u043e\u0442\u0430 \u043f\u0440\u0438 \u043a\u043b\u0438\u043c\u0430\u0442\u0438\u0447\u0435\u0441\u043a\u0438\u0445 \u0443\u0441\u043b\u043e\u0432\u0438\u044f\u0445 \u043e\u0442 -40\u00b0C \u0434\u043e +50\u00b0C.<\/p>\n    <a class=\"btn-outline\" href=\"\/ru\/logging-truck\/\">\u0414\u043e\u043f\u043e\u043b\u043d\u0438\u0442\u0435\u043b\u044c\u043d\u0430\u044f \u0438\u043d\u0444\u043e\u0440\u043c\u0430\u0446\u0438\u044f<\/a>\n<\/div>\n<div class=\"grid-50 tablet-grid-50 mobile-grid-100 second-column\">\n    <img src=\"https:\/\/geosys-swiss.com\/wp-content\/uploads\/2020\/11\/logging-truck.jpg\" alt=\"\u041a\u0410\u0420\u041e\u0422\u0410\u0416\u041d\u042b\u0419 \u041f\u041e\u0414\u042a\u0401\u041c\u041d\u0418\u041a\"\/><p class=\"img-desc\">GEO SYS \u041a\u0410\u0420\u041e\u0422\u0410\u0416\u041d\u042b\u0419 \u041f\u041e\u0414\u042a\u0401\u041c\u041d\u0418\u041a<\/p>\n<\/div>\n\n","protected":false},"excerpt":{"rendered":"Geo Sys Geoger\u00e4te Swiss GmbH. Geo Sys Geoger\u00e4te Swiss GmbH, \u0444\u0438\u0440\u043c\u0430 \u043e\u0441\u043d\u043e\u0432\u0430\u043d\u043d\u0430\u044f \u0432 \u0428\u0432\u0435\u0439\u0446\u0430\u0440\u0438\u0438, \u0441\u043f\u0435\u0446\u0438\u0430\u043b\u0438\u0437\u0438\u0440\u0443\u0435\u0442\u0441\u044f \u043d\u0430 \u0433\u0435\u043e\u0444\u0438\u0437\u0438\u0447\u0435\u0441\u043a\u0438\u0445 \u0438\u0437\u043c\u0435\u0440\u0438\u0442\u0435\u043b\u044c\u043d\u044b\u0445 \u043f\u0440\u0438\u0431\u043e\u0440\u0430\u0445 \u0438 &#8230; <a title=\"Home\" class=\"read-more\" href=\"https:\/\/geosys-swiss.com\/ru\/\" aria-label=\"More on Home\">Weiterlesen<\/a>","protected":false},"author":1,"featured_media":0,"parent":0,"menu_order":0,"comment_status":"closed","ping_status":"closed","template":"","meta":[],"yoast_head":"<!-- This site is optimized with the Yoast SEO plugin v17.5 - https:\/\/yoast.com\/wordpress\/plugins\/seo\/ -->\n<title>Home | Geo Sys Geoger\u00e4te Swiss GmbH<\/title>\n<meta name=\"robots\" content=\"index, follow, max-snippet:-1, max-image-preview:large, max-video-preview:-1\" \/>\n<link rel=\"canonical\" href=\"https:\/\/geosys-swiss.com\/ru\/\" \/>\n<meta property=\"og:locale\" content=\"ru_RU\" \/>\n<meta property=\"og:type\" content=\"article\" \/>\n<meta property=\"og:title\" content=\"Home | Geo Sys Geoger\u00e4te Swiss GmbH\" \/>\n<meta property=\"og:description\" content=\"Geo Sys Geoger\u00e4te Swiss GmbH. Geo Sys Geoger\u00e4te Swiss GmbH, \u0444\u0438\u0440\u043c\u0430 \u043e\u0441\u043d\u043e\u0432\u0430\u043d\u043d\u0430\u044f \u0432 \u0428\u0432\u0435\u0439\u0446\u0430\u0440\u0438\u0438, \u0441\u043f\u0435\u0446\u0438\u0430\u043b\u0438\u0437\u0438\u0440\u0443\u0435\u0442\u0441\u044f \u043d\u0430 \u0433\u0435\u043e\u0444\u0438\u0437\u0438\u0447\u0435\u0441\u043a\u0438\u0445 \u0438\u0437\u043c\u0435\u0440\u0438\u0442\u0435\u043b\u044c\u043d\u044b\u0445 \u043f\u0440\u0438\u0431\u043e\u0440\u0430\u0445 \u0438 ... Weiterlesen\" \/>\n<meta property=\"og:url\" content=\"https:\/\/geosys-swiss.com\/ru\/\" \/>\n<meta property=\"og:site_name\" content=\"Geo Sys Geoger\u00e4te Swiss GmbH\" \/>\n<meta property=\"article:modified_time\" content=\"2021-11-16T15:38:59+00:00\" \/>\n<meta property=\"og:image\" content=\"https:\/\/geosys-swiss.com\/wp-content\/uploads\/2020\/11\/logging-truck.jpg\" \/>\n<meta name=\"twitter:card\" content=\"summary_large_image\" \/>\n<script type=\"application\/ld+json\" class=\"yoast-schema-graph\">{\"@context\":\"https:\/\/schema.org\",\"@graph\":[{\"@type\":\"Organization\",\"@id\":\"https:\/\/geosys-swiss.com\/#organization\",\"name\":\"Geo Sys - Ge\\u00f6ger\\u00e4te Swiss GmbH\",\"url\":\"https:\/\/geosys-swiss.com\/\",\"sameAs\":[],\"logo\":{\"@type\":\"ImageObject\",\"@id\":\"https:\/\/geosys-swiss.com\/#logo\",\"inLanguage\":\"ru-RU\",\"url\":\"https:\/\/geosys-swiss.com\/wp-content\/uploads\/2021\/11\/geo-sys-swiss.svg\",\"contentUrl\":\"https:\/\/geosys-swiss.com\/wp-content\/uploads\/2021\/11\/geo-sys-swiss.svg\",\"caption\":\"Geo Sys - Ge\\u00f6ger\\u00e4te Swiss GmbH\"},\"image\":{\"@id\":\"https:\/\/geosys-swiss.com\/#logo\"}},{\"@type\":\"WebSite\",\"@id\":\"https:\/\/geosys-swiss.com\/#website\",\"url\":\"https:\/\/geosys-swiss.com\/\",\"name\":\"Geo Sys Geoger\\u00e4te Swiss GmbH\",\"description\":\"\",\"publisher\":{\"@id\":\"https:\/\/geosys-swiss.com\/#organization\"},\"potentialAction\":[{\"@type\":\"SearchAction\",\"target\":{\"@type\":\"EntryPoint\",\"urlTemplate\":\"https:\/\/geosys-swiss.com\/?s={search_term_string}\"},\"query-input\":\"required name=search_term_string\"}],\"inLanguage\":\"ru-RU\"},{\"@type\":\"ImageObject\",\"@id\":\"https:\/\/geosys-swiss.com\/ru\/#primaryimage\",\"inLanguage\":\"ru-RU\",\"url\":\"https:\/\/geosys-swiss.com\/wp-content\/uploads\/2020\/11\/logging-truck.jpg\",\"contentUrl\":\"https:\/\/geosys-swiss.com\/wp-content\/uploads\/2020\/11\/logging-truck.jpg\",\"width\":640,\"height\":412,\"caption\":\"Windenfahrzeug\"},{\"@type\":\"WebPage\",\"@id\":\"https:\/\/geosys-swiss.com\/ru\/#webpage\",\"url\":\"https:\/\/geosys-swiss.com\/ru\/\",\"name\":\"Home | Geo Sys Geoger\\u00e4te Swiss GmbH\",\"isPartOf\":{\"@id\":\"https:\/\/geosys-swiss.com\/#website\"},\"primaryImageOfPage\":{\"@id\":\"https:\/\/geosys-swiss.com\/ru\/#primaryimage\"},\"datePublished\":\"2020-06-13T10:25:34+00:00\",\"dateModified\":\"2021-11-16T15:38:59+00:00\",\"breadcrumb\":{\"@id\":\"https:\/\/geosys-swiss.com\/ru\/#breadcrumb\"},\"inLanguage\":\"ru-RU\",\"potentialAction\":[{\"@type\":\"ReadAction\",\"target\":[\"https:\/\/geosys-swiss.com\/ru\/\"]}]},{\"@type\":\"BreadcrumbList\",\"@id\":\"https:\/\/geosys-swiss.com\/ru\/#breadcrumb\",\"itemListElement\":[{\"@type\":\"ListItem\",\"position\":1,\"name\":\"Startseite\",\"item\":\"https:\/\/geosys-swiss.com\/ru\/\"},{\"@type\":\"ListItem\",\"position\":2,\"name\":\"Home\"}]}]}<\/script>\n<!-- \/ Yoast SEO plugin. -->","yoast_head_json":{"title":"Home | Geo Sys Geoger\u00e4te Swiss GmbH","robots":{"index":"index","follow":"follow","max-snippet":"max-snippet:-1","max-image-preview":"max-image-preview:large","max-video-preview":"max-video-preview:-1"},"canonical":"https:\/\/geosys-swiss.com\/ru\/","og_locale":"ru_RU","og_type":"article","og_title":"Home | Geo Sys Geoger\u00e4te Swiss GmbH","og_description":"Geo Sys Geoger\u00e4te Swiss GmbH. Geo Sys Geoger\u00e4te Swiss GmbH, \u0444\u0438\u0440\u043c\u0430 \u043e\u0441\u043d\u043e\u0432\u0430\u043d\u043d\u0430\u044f \u0432 \u0428\u0432\u0435\u0439\u0446\u0430\u0440\u0438\u0438, \u0441\u043f\u0435\u0446\u0438\u0430\u043b\u0438\u0437\u0438\u0440\u0443\u0435\u0442\u0441\u044f \u043d\u0430 \u0433\u0435\u043e\u0444\u0438\u0437\u0438\u0447\u0435\u0441\u043a\u0438\u0445 \u0438\u0437\u043c\u0435\u0440\u0438\u0442\u0435\u043b\u044c\u043d\u044b\u0445 \u043f\u0440\u0438\u0431\u043e\u0440\u0430\u0445 \u0438 ... Weiterlesen","og_url":"https:\/\/geosys-swiss.com\/ru\/","og_site_name":"Geo Sys Geoger\u00e4te Swiss GmbH","article_modified_time":"2021-11-16T15:38:59+00:00","og_image":[{"url":"https:\/\/geosys-swiss.com\/wp-content\/uploads\/2020\/11\/logging-truck.jpg"}],"twitter_card":"summary_large_image","schema":{"@context":"https:\/\/schema.org","@graph":[{"@type":"Organization","@id":"https:\/\/geosys-swiss.com\/#organization","name":"Geo Sys - Ge\u00f6ger\u00e4te Swiss GmbH","url":"https:\/\/geosys-swiss.com\/","sameAs":[],"logo":{"@type":"ImageObject","@id":"https:\/\/geosys-swiss.com\/#logo","inLanguage":"ru-RU","url":"https:\/\/geosys-swiss.com\/wp-content\/uploads\/2021\/11\/geo-sys-swiss.svg","contentUrl":"https:\/\/geosys-swiss.com\/wp-content\/uploads\/2021\/11\/geo-sys-swiss.svg","caption":"Geo Sys - Ge\u00f6ger\u00e4te Swiss GmbH"},"image":{"@id":"https:\/\/geosys-swiss.com\/#logo"}},{"@type":"WebSite","@id":"https:\/\/geosys-swiss.com\/#website","url":"https:\/\/geosys-swiss.com\/","name":"Geo Sys Geoger\u00e4te Swiss GmbH","description":"","publisher":{"@id":"https:\/\/geosys-swiss.com\/#organization"},"potentialAction":[{"@type":"SearchAction","target":{"@type":"EntryPoint","urlTemplate":"https:\/\/geosys-swiss.com\/?s={search_term_string}"},"query-input":"required name=search_term_string"}],"inLanguage":"ru-RU"},{"@type":"ImageObject","@id":"https:\/\/geosys-swiss.com\/ru\/#primaryimage","inLanguage":"ru-RU","url":"https:\/\/geosys-swiss.com\/wp-content\/uploads\/2020\/11\/logging-truck.jpg","contentUrl":"https:\/\/geosys-swiss.com\/wp-content\/uploads\/2020\/11\/logging-truck.jpg","width":640,"height":412,"caption":"Windenfahrzeug"},{"@type":"WebPage","@id":"https:\/\/geosys-swiss.com\/ru\/#webpage","url":"https:\/\/geosys-swiss.com\/ru\/","name":"Home | Geo Sys Geoger\u00e4te Swiss GmbH","isPartOf":{"@id":"https:\/\/geosys-swiss.com\/#website"},"primaryImageOfPage":{"@id":"https:\/\/geosys-swiss.com\/ru\/#primaryimage"},"datePublished":"2020-06-13T10:25:34+00:00","dateModified":"2021-11-16T15:38:59+00:00","breadcrumb":{"@id":"https:\/\/geosys-swiss.com\/ru\/#breadcrumb"},"inLanguage":"ru-RU","potentialAction":[{"@type":"ReadAction","target":["https:\/\/geosys-swiss.com\/ru\/"]}]},{"@type":"BreadcrumbList","@id":"https:\/\/geosys-swiss.com\/ru\/#breadcrumb","itemListElement":[{"@type":"ListItem","position":1,"name":"Startseite","item":"https:\/\/geosys-swiss.com\/ru\/"},{"@type":"ListItem","position":2,"name":"Home"}]}]}},"_links":{"self":[{"href":"https:\/\/geosys-swiss.com\/ru\/wp-json\/wp\/v2\/pages\/423"}],"collection":[{"href":"https:\/\/geosys-swiss.com\/ru\/wp-json\/wp\/v2\/pages"}],"about":[{"href":"https:\/\/geosys-swiss.com\/ru\/wp-json\/wp\/v2\/types\/page"}],"author":[{"embeddable":true,"href":"https:\/\/geosys-swiss.com\/ru\/wp-json\/wp\/v2\/users\/1"}],"replies":[{"embeddable":true,"href":"https:\/\/geosys-swiss.com\/ru\/wp-json\/wp\/v2\/comments?post=423"}],"version-history":[{"count":19,"href":"https:\/\/geosys-swiss.com\/ru\/wp-json\/wp\/v2\/pages\/423\/revisions"}],"predecessor-version":[{"id":1002,"href":"https:\/\/geosys-swiss.com\/ru\/wp-json\/wp\/v2\/pages\/423\/revisions\/1002"}],"wp:attachment":[{"href":"https:\/\/geosys-swiss.com\/ru\/wp-json\/wp\/v2\/media?parent=423"}],"curies":[{"name":"wp","href":"https:\/\/api.w.org\/{rel}","templated":true}]}}