{"id":421,"date":"2020-06-13T12:25:34","date_gmt":"2020-06-13T10:25:34","guid":{"rendered":"http:\/\/localhost\/geosys\/home\/"},"modified":"2021-11-16T16:31:42","modified_gmt":"2021-11-16T15:31:42","slug":"home","status":"publish","type":"page","link":"https:\/\/geosys-swiss.com\/en\/","title":{"rendered":"Home"},"content":{"rendered":"<h1><strong>Geo Sys Geoger\u00e4te Swiss GmbH.<\/h1>\n<p>Geo Sys Geoger\u00e4te Swiss GmbH, based in Switzerland, specializes in geophysical measuring instruments and measurement repairs. In the development of winch vehicles, borehole probes, lubricators, slicklines and skid units, especially customer-specific requirements are taken into account.<\/p>\n<p>Geo Sys Swiss GmbH is also a cooperation partner of Geo Sys Umwelttechnik and Geoger\u00e4te GmbH Leipzig. With the German know-how and the new Swiss methodology in the field of the extraction of renewable technology and energy, we want to expand the market together.<\/p>\n<p>Geo Sys Swiss GmbH is committed to high-quality products, innovative ideas, and professional solutions.<\/p>\n\n<div class=\"grid-100\">\n    <h2 class=\"custom-h2\">Geo Sys Geoger\u00e4te Swiss GmbH main products<\/h2>\n<p style=\"color:#333333;\">The main products of Geo Sys GmbH today are:<\/p>\n<\/div>\n<div class=\"grid-33 tablet-grid-50 mobile-grid-100 first-column\">\n    <div class=\"feature-box\"><i class=\"fa fa-truck\"><\/i><h3>Measuring and winch logging trucks<\/h3><\/div>\n<\/div>\n<div class=\"grid-33 tablet-grid-50 mobile-grid-100 second-column\">\n    <div class=\"feature-box\"><i class=\"fa fa-hard-hat\"><\/i><h3>Hole measuring equipment<\/h3><\/div>\n<\/div>\n<div class=\"grid-33 tablet-grid-50 mobile-grid-100 third-column\">\n    <div class=\"feature-box\"><i class=\"fa fa-pencil-ruler\"><\/i><h3>geoelectrical measuring equipment<\/h3><\/div>\n<\/div>\n\n<div class=\"grid-100 tablet-grid-100 mobile-grid-100\">\n<h2 class=\"custom-h2\">Logging Truck<\/h2>\n<\/div>\n<div class=\"grid-50 tablet-grid-50 mobile-grid-100 first-column\">\n    <p class=\"box-desc\">Geo Sys manufactures an extensive range of logging trucks from heavy duty units with high tension (11t\/ 24.000 lbs) to medium duty units. Our logging trucks are field proven under the harshest operating conditions from the high arctic in West Siberia to the desert in Arabian region. The GSW is a service unit which consists of any desired truck chassis and a cabin designed and manufactured as specified by the customer. Used as a platform for geophysical measurements in the exploration and production of oil and gas the vehicle can be operated fully selfcontained and remote from any supplying facilities. Air conditioning and heating systems allow operation in diverse environments.<\/p>\n    <p class=\"box-desc\">The GSW has been designed to withstand temperatures ranging from -40\u00b0 C \u2013 +50\u00b0 C. The cabin will be assembled to any truck chassis by a subframe. Divided into two compartments the cabin contains a hydraulic winch and a lab designed to house the control panel for the winch and enough space for any required acquisition and interpretation equipment. Many modern amenities can be incorporated for the service crew.<\/p>\n    <a class=\"btn-outline\" href=\"\/en\/logging-truck\/\">Read More<\/a>\n<\/div>\n<div class=\"grid-50 tablet-grid-50 mobile-grid-100 second-column\">\n    <img src=\"https:\/\/geosys-swiss.com\/wp-content\/uploads\/2020\/11\/logging-truck.jpg\" alt=\"Geo Sys Logging Trucks\"\/><p class=\"img-desc\">Geo Sys Logging Trucks<\/p>\n<\/div>\n\n","protected":false},"excerpt":{"rendered":"Geo Sys Geoger\u00e4te Swiss GmbH. Geo Sys Geoger\u00e4te Swiss GmbH, based in Switzerland, specializes in geophysical measuring instruments and measurement &#8230; <a title=\"Home\" class=\"read-more\" href=\"https:\/\/geosys-swiss.com\/en\/\" aria-label=\"More on Home\">Weiterlesen<\/a>","protected":false},"author":1,"featured_media":0,"parent":0,"menu_order":0,"comment_status":"closed","ping_status":"closed","template":"","meta":[],"yoast_head":"<!-- This site is optimized with the Yoast SEO plugin v17.5 - https:\/\/yoast.com\/wordpress\/plugins\/seo\/ -->\n<title>Home | Geo Sys Geoger\u00e4te Swiss GmbH<\/title>\n<meta name=\"robots\" content=\"index, follow, max-snippet:-1, max-image-preview:large, max-video-preview:-1\" \/>\n<link rel=\"canonical\" href=\"https:\/\/geosys-swiss.com\/en\/\" \/>\n<meta property=\"og:locale\" content=\"en_US\" \/>\n<meta property=\"og:type\" content=\"article\" \/>\n<meta property=\"og:title\" content=\"Home | Geo Sys Geoger\u00e4te Swiss GmbH\" \/>\n<meta property=\"og:description\" content=\"Geo Sys Geoger\u00e4te Swiss GmbH. Geo Sys Geoger\u00e4te Swiss GmbH, based in Switzerland, specializes in geophysical measuring instruments and measurement ... Weiterlesen\" \/>\n<meta property=\"og:url\" content=\"https:\/\/geosys-swiss.com\/en\/\" \/>\n<meta property=\"og:site_name\" content=\"Geo Sys Geoger\u00e4te Swiss GmbH\" \/>\n<meta property=\"article:modified_time\" content=\"2021-11-16T15:31:42+00:00\" \/>\n<meta property=\"og:image\" content=\"https:\/\/geosys-swiss.com\/wp-content\/uploads\/2020\/11\/logging-truck.jpg\" \/>\n<meta name=\"twitter:card\" content=\"summary_large_image\" \/>\n<meta name=\"twitter:label1\" content=\"Est. reading time\" \/>\n\t<meta name=\"twitter:data1\" content=\"2 minutes\" \/>\n<script type=\"application\/ld+json\" class=\"yoast-schema-graph\">{\"@context\":\"https:\/\/schema.org\",\"@graph\":[{\"@type\":\"Organization\",\"@id\":\"https:\/\/geosys-swiss.com\/#organization\",\"name\":\"Geo Sys - Ge\\u00f6ger\\u00e4te Swiss GmbH\",\"url\":\"https:\/\/geosys-swiss.com\/\",\"sameAs\":[],\"logo\":{\"@type\":\"ImageObject\",\"@id\":\"https:\/\/geosys-swiss.com\/#logo\",\"inLanguage\":\"en-US\",\"url\":\"https:\/\/geosys-swiss.com\/wp-content\/uploads\/2021\/11\/geo-sys-swiss.svg\",\"contentUrl\":\"https:\/\/geosys-swiss.com\/wp-content\/uploads\/2021\/11\/geo-sys-swiss.svg\",\"caption\":\"Geo Sys - Ge\\u00f6ger\\u00e4te Swiss GmbH\"},\"image\":{\"@id\":\"https:\/\/geosys-swiss.com\/#logo\"}},{\"@type\":\"WebSite\",\"@id\":\"https:\/\/geosys-swiss.com\/#website\",\"url\":\"https:\/\/geosys-swiss.com\/\",\"name\":\"Geo Sys Geoger\\u00e4te Swiss GmbH\",\"description\":\"\",\"publisher\":{\"@id\":\"https:\/\/geosys-swiss.com\/#organization\"},\"potentialAction\":[{\"@type\":\"SearchAction\",\"target\":{\"@type\":\"EntryPoint\",\"urlTemplate\":\"https:\/\/geosys-swiss.com\/?s={search_term_string}\"},\"query-input\":\"required name=search_term_string\"}],\"inLanguage\":\"en-US\"},{\"@type\":\"ImageObject\",\"@id\":\"https:\/\/geosys-swiss.com\/en\/#primaryimage\",\"inLanguage\":\"en-US\",\"url\":\"https:\/\/geosys-swiss.com\/wp-content\/uploads\/2020\/11\/logging-truck.jpg\",\"contentUrl\":\"https:\/\/geosys-swiss.com\/wp-content\/uploads\/2020\/11\/logging-truck.jpg\",\"width\":640,\"height\":412,\"caption\":\"Windenfahrzeug\"},{\"@type\":\"WebPage\",\"@id\":\"https:\/\/geosys-swiss.com\/en\/#webpage\",\"url\":\"https:\/\/geosys-swiss.com\/en\/\",\"name\":\"Home | Geo Sys Geoger\\u00e4te Swiss GmbH\",\"isPartOf\":{\"@id\":\"https:\/\/geosys-swiss.com\/#website\"},\"primaryImageOfPage\":{\"@id\":\"https:\/\/geosys-swiss.com\/en\/#primaryimage\"},\"datePublished\":\"2020-06-13T10:25:34+00:00\",\"dateModified\":\"2021-11-16T15:31:42+00:00\",\"breadcrumb\":{\"@id\":\"https:\/\/geosys-swiss.com\/en\/#breadcrumb\"},\"inLanguage\":\"en-US\",\"potentialAction\":[{\"@type\":\"ReadAction\",\"target\":[\"https:\/\/geosys-swiss.com\/en\/\"]}]},{\"@type\":\"BreadcrumbList\",\"@id\":\"https:\/\/geosys-swiss.com\/en\/#breadcrumb\",\"itemListElement\":[{\"@type\":\"ListItem\",\"position\":1,\"name\":\"Startseite\",\"item\":\"https:\/\/geosys-swiss.com\/en\/\"},{\"@type\":\"ListItem\",\"position\":2,\"name\":\"Home\"}]}]}<\/script>\n<!-- \/ Yoast SEO plugin. -->","yoast_head_json":{"title":"Home | Geo Sys Geoger\u00e4te Swiss GmbH","robots":{"index":"index","follow":"follow","max-snippet":"max-snippet:-1","max-image-preview":"max-image-preview:large","max-video-preview":"max-video-preview:-1"},"canonical":"https:\/\/geosys-swiss.com\/en\/","og_locale":"en_US","og_type":"article","og_title":"Home | Geo Sys Geoger\u00e4te Swiss GmbH","og_description":"Geo Sys Geoger\u00e4te Swiss GmbH. Geo Sys Geoger\u00e4te Swiss GmbH, based in Switzerland, specializes in geophysical measuring instruments and measurement ... Weiterlesen","og_url":"https:\/\/geosys-swiss.com\/en\/","og_site_name":"Geo Sys Geoger\u00e4te Swiss GmbH","article_modified_time":"2021-11-16T15:31:42+00:00","og_image":[{"url":"https:\/\/geosys-swiss.com\/wp-content\/uploads\/2020\/11\/logging-truck.jpg"}],"twitter_card":"summary_large_image","twitter_misc":{"Est. reading time":"2 minutes"},"schema":{"@context":"https:\/\/schema.org","@graph":[{"@type":"Organization","@id":"https:\/\/geosys-swiss.com\/#organization","name":"Geo Sys - Ge\u00f6ger\u00e4te Swiss GmbH","url":"https:\/\/geosys-swiss.com\/","sameAs":[],"logo":{"@type":"ImageObject","@id":"https:\/\/geosys-swiss.com\/#logo","inLanguage":"en-US","url":"https:\/\/geosys-swiss.com\/wp-content\/uploads\/2021\/11\/geo-sys-swiss.svg","contentUrl":"https:\/\/geosys-swiss.com\/wp-content\/uploads\/2021\/11\/geo-sys-swiss.svg","caption":"Geo Sys - Ge\u00f6ger\u00e4te Swiss GmbH"},"image":{"@id":"https:\/\/geosys-swiss.com\/#logo"}},{"@type":"WebSite","@id":"https:\/\/geosys-swiss.com\/#website","url":"https:\/\/geosys-swiss.com\/","name":"Geo Sys Geoger\u00e4te Swiss GmbH","description":"","publisher":{"@id":"https:\/\/geosys-swiss.com\/#organization"},"potentialAction":[{"@type":"SearchAction","target":{"@type":"EntryPoint","urlTemplate":"https:\/\/geosys-swiss.com\/?s={search_term_string}"},"query-input":"required name=search_term_string"}],"inLanguage":"en-US"},{"@type":"ImageObject","@id":"https:\/\/geosys-swiss.com\/en\/#primaryimage","inLanguage":"en-US","url":"https:\/\/geosys-swiss.com\/wp-content\/uploads\/2020\/11\/logging-truck.jpg","contentUrl":"https:\/\/geosys-swiss.com\/wp-content\/uploads\/2020\/11\/logging-truck.jpg","width":640,"height":412,"caption":"Windenfahrzeug"},{"@type":"WebPage","@id":"https:\/\/geosys-swiss.com\/en\/#webpage","url":"https:\/\/geosys-swiss.com\/en\/","name":"Home | Geo Sys Geoger\u00e4te Swiss GmbH","isPartOf":{"@id":"https:\/\/geosys-swiss.com\/#website"},"primaryImageOfPage":{"@id":"https:\/\/geosys-swiss.com\/en\/#primaryimage"},"datePublished":"2020-06-13T10:25:34+00:00","dateModified":"2021-11-16T15:31:42+00:00","breadcrumb":{"@id":"https:\/\/geosys-swiss.com\/en\/#breadcrumb"},"inLanguage":"en-US","potentialAction":[{"@type":"ReadAction","target":["https:\/\/geosys-swiss.com\/en\/"]}]},{"@type":"BreadcrumbList","@id":"https:\/\/geosys-swiss.com\/en\/#breadcrumb","itemListElement":[{"@type":"ListItem","position":1,"name":"Startseite","item":"https:\/\/geosys-swiss.com\/en\/"},{"@type":"ListItem","position":2,"name":"Home"}]}]}},"_links":{"self":[{"href":"https:\/\/geosys-swiss.com\/en\/wp-json\/wp\/v2\/pages\/421"}],"collection":[{"href":"https:\/\/geosys-swiss.com\/en\/wp-json\/wp\/v2\/pages"}],"about":[{"href":"https:\/\/geosys-swiss.com\/en\/wp-json\/wp\/v2\/types\/page"}],"author":[{"embeddable":true,"href":"https:\/\/geosys-swiss.com\/en\/wp-json\/wp\/v2\/users\/1"}],"replies":[{"embeddable":true,"href":"https:\/\/geosys-swiss.com\/en\/wp-json\/wp\/v2\/comments?post=421"}],"version-history":[{"count":20,"href":"https:\/\/geosys-swiss.com\/en\/wp-json\/wp\/v2\/pages\/421\/revisions"}],"predecessor-version":[{"id":1000,"href":"https:\/\/geosys-swiss.com\/en\/wp-json\/wp\/v2\/pages\/421\/revisions\/1000"}],"wp:attachment":[{"href":"https:\/\/geosys-swiss.com\/en\/wp-json\/wp\/v2\/media?parent=421"}],"curies":[{"name":"wp","href":"https:\/\/api.w.org\/{rel}","templated":true}]}}